{"id":1362,"date":"2021-04-20T07:56:48","date_gmt":"2021-04-20T05:56:48","guid":{"rendered":"http:\/\/mademoiselle-chevre.com\/?page_id=1362"},"modified":"2025-04-12T16:10:33","modified_gmt":"2025-04-12T14:10:33","slug":"presentation","status":"publish","type":"page","link":"https:\/\/mademoiselle-chevre.com\/","title":{"rendered":"Pr\u00e9sentation"},"content":{"rendered":"[vc_row][vc_column][vc_column_text]<img loading=\"lazy\" class=\"alignnone wp-image-1481 size-full aligncenter\" src=\"http:\/\/mademoiselle-chevre.com\/wp-content\/uploads\/2021\/04\/home2.jpg\" alt=\"\" width=\"728\" height=\"100\" srcset=\"https:\/\/mademoiselle-chevre.com\/wp-content\/uploads\/2021\/04\/home2.jpg 728w, https:\/\/mademoiselle-chevre.com\/wp-content\/uploads\/2021\/04\/home2-300x41.jpg 300w\" sizes=\"(max-width: 728px) 100vw, 728px\" \/>[\/vc_column_text]<div class=\"cws_spacing cws_spacing_size_sm_desctop-on cws_spacing_tablet-on cws_spacing_mobile-on\"><div class=\"cws_spacing cws_spacing_default\" style=\"height:10px;\"><\/div> <div class=\"cws_spacing cws_spacing_size_sm_desctop\" style=\"height:10px;\"><\/div> <div class=\"cws_spacing cws_spacing_tablet\" style=\"height:10px;\"><\/div> <div class=\"cws_spacing cws_spacing_mobile\" style=\"height:10px;\"><\/div><\/div>[vc_column_text]Nous pensons qu&rsquo;il y a urgence \u00e0 prendre soin de notre environnement et de notre alimentation. C&rsquo;est en tout cas ce que nous voulons offrir \u00e0 nos enfants.\u00a0 \u00ab\u00a0<em>La nature offre \u00e0 la fois ce qui nourrit le corps et le gu\u00e9rit&#8230;\u00a0\u00bb<\/em> dit Pierre Rabhi, comme lui nous avons abandonn\u00e9 notre vie citadine pour retourner \u00e0 la terre et \u00e9lever des ch\u00e8vres.[\/vc_column_text]<div id='cws_testimonail_69df450b74a2c' class='testimonial  testimonials_carousel style_2 autoplay ' data-col='1' data-autoplay='3000'><div class='testimonial_item'><div class='testimonial_img'><div class='testimonial_img_wrap' style='background-image: url(https:\/\/mademoiselle-chevre.com\/wp-content\/uploads\/2021\/04\/biberon.jpg)'><\/div><\/div><\/div><div class='testimonial_item'><div class='testimonial_img'><div class='testimonial_img_wrap' style='background-image: url(https:\/\/mademoiselle-chevre.com\/wp-content\/uploads\/2021\/04\/paul1.jpg)'><\/div><\/div><\/div><div class='testimonial_item'><div class='testimonial_img'><div class='testimonial_img_wrap' style='background-image: url(https:\/\/mademoiselle-chevre.com\/wp-content\/uploads\/2021\/04\/Elouen.jpg)'><\/div><\/div><\/div><\/div><div class=\"cws_spacing\"><div class=\"cws_spacing cws_spacing_default\" style=\"height:20px;\"><\/div><\/div>[vc_column_text]\n<p style=\"text-align: left;\">Nous voulons modestement faire notre part et lorsque cela est possible, cr\u00e9er des synergies.<\/p>\n<p>D\u00e8s l&rsquo;origine, nous nous sommes appliqu\u00e9s \u00e0 l&rsquo;excellence. Que cela soit dans le soin aux animaux comme dans la transformation. Nous voulons vous offrir ce qu&rsquo;il y a de meilleur. C&rsquo;est pourquoi nous sommes artisans aussi bien que paysans. C&rsquo;est la garantie que nous connaissons parfaitement ce qui arrive jusqu&rsquo;\u00e0 votre assiette.[\/vc_column_text][\/vc_column][\/vc_row][vc_row][vc_column]<div class=\"cws_spacing cws_spacing_size_sm_desctop-on cws_spacing_tablet-on cws_spacing_mobile-on\"><div class=\"cws_spacing cws_spacing_default\" style=\"height:90px;\"><\/div> <div class=\"cws_spacing cws_spacing_size_sm_desctop\" style=\"height:90px;\"><\/div> <div class=\"cws_spacing cws_spacing_tablet\" style=\"height:40px;\"><\/div> <div class=\"cws_spacing cws_spacing_mobile\" style=\"height:40px;\"><\/div><\/div><div class='cws_textmodule cws_vc_shortcode_module' id='cws_textmodule_69df450b75721'><div class='cws_textmodule_wrapper'><div class='cws_textmodule_text text_align_center'><div class='cws_textmodule_titles'><div class='cws_textmodule_subtitle_wrapper with_decor'><span class='subtitile_left_decor'><\/span><h4 class='cws_textmodule_subtitle'>Artisanale et paysanne<\/h4><span class='subtitile_right_decor'><\/span><\/div><\/div><\/div><\/div><\/div>[vc_row_inner][vc_column_inner width=\u00a0\u00bb1\/6&Prime;][\/vc_column_inner][vc_column_inner width=\u00a0\u00bb2\/3&Prime;]<div id='cws_testimonail_69df450b75857' class='testimonial  testimonials_carousel style_2 ' data-col='1' ><div class='testimonial_item'><div class='testimonial_img'><div class='testimonial_img_wrap' style='background-image: url(https:\/\/mademoiselle-chevre.com\/wp-content\/uploads\/2021\/04\/bio2.jpg)'><\/div><\/div><div class='content_wrap'><div class='quote_wrap'>Certification Ecocert<\/div><h5 class='testimonial_name'>Agriculture biologique<\/h5><\/div><\/div><\/div>[vc_column_text]<a href=\"http:\/\/mademoiselle-chevre.com\/wp-content\/uploads\/2025\/04\/FR-BIO-01.250-0048307.2024.002.pdf\" target=\"_blank\" rel=\"noopener\">T\u00e9l\u00e9charger le certificat d\u00e9livr\u00e9 par Ecocert. Valable jusqu&rsquo;au 31\/03\/2026<\/a>[\/vc_column_text][vc_column_text]&nbsp;<\/p>\n<p>Nos ch\u00e8vres p\u00e2turent une grande partie de l&rsquo;ann\u00e9e. Nous sommes soutenu par les fonds FEADER pour prot\u00e9ger notre troupeau face aux attaques des loups pr\u00e9sents sur le territoire.[\/vc_column_text][vc_single_image image=\u00a0\u00bb1827&Prime; alignment=\u00a0\u00bbcenter\u00a0\u00bb][\/vc_column_inner][vc_column_inner width=\u00a0\u00bb1\/6&Prime;][\/vc_column_inner][\/vc_row_inner]<div id='cws_divider_69df450b75c75' class='separator-wrapper '><hr style='height:2px;'><\/div>[vc_row_inner][vc_column_inner width=\u00a0\u00bb1\/3&Prime;]<div id='cws_testimonail_69df450b75cfb' class='testimonial  testimonials_carousel style_2 ' data-col='1' ><div class='testimonial_item'><div class='testimonial_img'><div class='testimonial_img_wrap' style='background-image: url(https:\/\/mademoiselle-chevre.com\/wp-content\/uploads\/2021\/04\/myriam.jpg)'><\/div><\/div><div class='content_wrap'><h5 class='testimonial_name'>L'authentique<\/h5><\/div><\/div><\/div>[\/vc_column_inner][vc_column_inner width=\u00a0\u00bb1\/3&Prime;]<div id='cws_testimonail_69df450b76132' class='testimonial  testimonials_carousel style_2 ' data-col='1' ><div class='testimonial_item'><div class='testimonial_img'><div class='testimonial_img_wrap' style='background-image: url(https:\/\/mademoiselle-chevre.com\/wp-content\/uploads\/2021\/04\/chevreaux-1.jpg)'><\/div><\/div><div class='content_wrap'><h5 class='testimonial_name'>La douceur<\/h5><\/div><\/div><\/div>[\/vc_column_inner][vc_column_inner width=\u00a0\u00bb1\/3&Prime;]<div id='cws_testimonail_69df450b76564' class='testimonial  testimonials_carousel style_2 ' data-col='1' ><div class='testimonial_item'><div class='testimonial_img'><div class='testimonial_img_wrap' style='background-image: url(https:\/\/mademoiselle-chevre.com\/wp-content\/uploads\/2021\/04\/david4.jpg)'><\/div><\/div><div class='content_wrap'><h5 class='testimonial_name'>L'\u00e9tonnement<\/h5><\/div><\/div><\/div>[\/vc_column_inner][\/vc_row_inner]<div class=\"cws_spacing cws_spacing_size_sm_desctop-on cws_spacing_tablet-on cws_spacing_mobile-on\"><div class=\"cws_spacing cws_spacing_default\" style=\"height:100px;\"><\/div> <div class=\"cws_spacing cws_spacing_size_sm_desctop\" style=\"height:100px;\"><\/div> <div class=\"cws_spacing cws_spacing_tablet\" style=\"height:50px;\"><\/div> <div class=\"cws_spacing cws_spacing_mobile\" style=\"height:50px;\"><\/div><\/div>[\/vc_column][\/vc_row]\n","protected":false},"excerpt":{"rendered":"<p>[vc_row][vc_column][vc_column_text][\/vc_column_text][vc_column_text]Nous pensons qu&rsquo;il y a urgence \u00e0 prendre soin de notre environnement et de notre alimentation. C&rsquo;est en tout cas ce que nous voulons offrir \u00e0 nos enfants.\u00a0 \u00ab\u00a0La nature offre \u00e0 la fois ce qui nourrit le corps et le gu\u00e9rit&#8230;\u00a0\u00bb dit Pierre Rabhi, comme lui nous avons abandonn\u00e9 notre vie citadine pour retourner \u00e0 la terre et \u00e9lever des ch\u00e8vres.[\/vc_column_text][vc_column_text] Nous voulons modestement faire notre part et lorsque cela est possible, cr\u00e9er des synergies. D\u00e8s l&rsquo;origine, nous nous sommes appliqu\u00e9s \u00e0 l&rsquo;excellence. Que cela soit dans le soin aux animaux comme dans la transformation. Nous voulons vous offrir ce qu&rsquo;il y a de meilleur. C&rsquo;est pourquoi nous sommes artisans aussi bien que paysans. C&rsquo;est la garantie que nous connaissons parfaitement ce qui arrive jusqu&rsquo;\u00e0 votre assiette.[\/vc_column_text][\/vc_column][\/vc_row][vc_row][vc_column][vc_row_inner][vc_column_inner width=\u00a0\u00bb1\/6&Prime;][\/vc_column_inner][vc_column_inner width=\u00a0\u00bb2\/3&Prime;][vc_column_text]T\u00e9l\u00e9charger le certificat d\u00e9livr\u00e9 par Ecocert. Valable jusqu&rsquo;au 31\/03\/2026[\/vc_column_text][vc_column_text]&nbsp; Nos ch\u00e8vres p\u00e2turent une grande partie de l&rsquo;ann\u00e9e. Nous sommes soutenu par les fonds FEADER pour prot\u00e9ger notre troupeau face aux attaques des loups pr\u00e9sents sur le territoire.[\/vc_column_text][vc_single_image image=\u00a0\u00bb1827&Prime; alignment=\u00a0\u00bbcenter\u00a0\u00bb][\/vc_column_inner][vc_column_inner width=\u00a0\u00bb1\/6&Prime;][\/vc_column_inner][\/vc_row_inner][vc_row_inner][vc_column_inner width=\u00a0\u00bb1\/3&Prime;][\/vc_column_inner][vc_column_inner width=\u00a0\u00bb1\/3&Prime;][\/vc_column_inner][vc_column_inner width=\u00a0\u00bb1\/3&Prime;][\/vc_column_inner][\/vc_row_inner][\/vc_column][\/vc_row]<\/p>\n","protected":false},"author":1,"featured_media":0,"parent":0,"menu_order":0,"comment_status":"closed","ping_status":"closed","template":"","meta":[],"_links":{"self":[{"href":"https:\/\/mademoiselle-chevre.com\/index.php\/wp-json\/wp\/v2\/pages\/1362"}],"collection":[{"href":"https:\/\/mademoiselle-chevre.com\/index.php\/wp-json\/wp\/v2\/pages"}],"about":[{"href":"https:\/\/mademoiselle-chevre.com\/index.php\/wp-json\/wp\/v2\/types\/page"}],"author":[{"embeddable":true,"href":"https:\/\/mademoiselle-chevre.com\/index.php\/wp-json\/wp\/v2\/users\/1"}],"replies":[{"embeddable":true,"href":"https:\/\/mademoiselle-chevre.com\/index.php\/wp-json\/wp\/v2\/comments?post=1362"}],"version-history":[{"count":77,"href":"https:\/\/mademoiselle-chevre.com\/index.php\/wp-json\/wp\/v2\/pages\/1362\/revisions"}],"predecessor-version":[{"id":1832,"href":"https:\/\/mademoiselle-chevre.com\/index.php\/wp-json\/wp\/v2\/pages\/1362\/revisions\/1832"}],"wp:attachment":[{"href":"https:\/\/mademoiselle-chevre.com\/index.php\/wp-json\/wp\/v2\/media?parent=1362"}],"curies":[{"name":"wp","href":"https:\/\/api.w.org\/{rel}","templated":true}]}}